{"id":2494,"date":"2023-04-24T04:44:23","date_gmt":"2023-04-24T04:44:23","guid":{"rendered":"https:\/\/cozystay.loftocean.com\/mountain-hotel\/?page_id=11"},"modified":"2024-09-27T22:47:32","modified_gmt":"2024-09-27T20:47:32","slug":"services","status":"publish","type":"page","link":"https:\/\/aparth900.pl\/?page_id=2494","title":{"rendered":"Services"},"content":{"rendered":"\t\t<div data-elementor-type=\"wp-page\" data-elementor-id=\"2494\" class=\"elementor elementor-2494\" data-elementor-post-type=\"page\">\n\t\t\t\t\t\t<section class=\"elementor-section elementor-top-section elementor-element elementor-element-37a9ee00 elementor-section-height-min-height cs-section-content-fullwidth cs-parallax-on-scroll cs_scroll_y_80 elementor-section-boxed elementor-section-height-default elementor-section-items-middle\" data-id=\"37a9ee00\" data-element_type=\"section\" data-settings=\"{&quot;background_background&quot;:&quot;classic&quot;}\" data-cs-parallax-y=\"80\" style=\"background-image: none;\" data-cs-background-image=\"https:\/\/aparth900.pl\/wp-content\/uploads\/2023\/04\/Salon3-scaled.jpg\">\n\t\t\t\t\t\t\t<div class=\"elementor-background-overlay\"><\/div>\n\t\t\t\t\t\t\t<div class=\"elementor-container elementor-column-gap-no\">\n\t\t\t\t\t<div class=\"elementor-column elementor-col-100 elementor-top-column elementor-element elementor-element-15fdd655 dark-color\" data-id=\"15fdd655\" data-element_type=\"column\">\n\t\t\t<div class=\"elementor-widget-wrap elementor-element-populated\">\n\t\t\t\t\t\t<div class=\"elementor-element elementor-element-6737abeb elementor-widget elementor-widget-cs_title\" data-id=\"6737abeb\" data-element_type=\"widget\" data-widget_type=\"cs_title.default\">\n\t\t\t\t<div class=\"elementor-widget-container\">\n\t\t\t\n        <div class=\"cs-title-wrap text-center\">\t            <h1 class=\"cs-title\">\n\t                APARTAMENTY PREMIUM \t            <\/h1>\t            <div class=\"cs-title-text\">\n\t                <p>Poczuj si\u0119 jak w hotelu, ciesz\u0105c si\u0119 jednocze\u015bnie wszystkimi udogodnieniami apartamentu, w tym pe\u0142ni wyposa\u017con\u0105 kuchni\u0105.<\/p>\t            <\/div>        <\/div>\t\t<\/div>\n\t\t\t\t<\/div>\n\t\t\t\t\t<\/div>\n\t\t<\/div>\n\t\t\t\t\t<\/div>\n\t\t<\/section>\n\t\t\t\t<section class=\"elementor-section elementor-top-section elementor-element elementor-element-4e10df1 cs-section-content-fullwidth elementor-section-boxed elementor-section-height-default elementor-section-height-default\" data-id=\"4e10df1\" data-element_type=\"section\" data-settings=\"{&quot;background_background&quot;:&quot;classic&quot;}\">\n\t\t\t\t\t\t<div class=\"elementor-container elementor-column-gap-no\">\n\t\t\t\t\t<div class=\"elementor-column elementor-col-100 elementor-top-column elementor-element elementor-element-99129e7\" data-id=\"99129e7\" data-element_type=\"column\">\n\t\t\t<div class=\"elementor-widget-wrap elementor-element-populated\">\n\t\t\t\t\t\t<div class=\"elementor-element elementor-element-57accb0 elementor-widget elementor-widget-cs_title\" data-id=\"57accb0\" data-element_type=\"widget\" data-widget_type=\"cs_title.default\">\n\t\t\t\t<div class=\"elementor-widget-container\">\n\t\t\t\n        <div class=\"cs-title-wrap text-center\">\t            <div class=\"cs-subtitle-wrap\"><span class=\"cs-subtitle\">Udogodnienia i us\u0142ugi<\/span><\/div>\t            <h3 class=\"cs-title\">\n\t                Odkryj oferowane przez nas us\u0142ugi i UDOGODNIENIA\t            <\/h3>        <\/div>\t\t<\/div>\n\t\t\t\t<\/div>\n\t\t\t\t<div class=\"elementor-element elementor-element-3b3e93e animated-slow elementor-invisible elementor-widget elementor-widget-cs_info_box\" data-id=\"3b3e93e\" data-element_type=\"widget\" data-settings=\"{&quot;_animation&quot;:&quot;fadeIn&quot;,&quot;_animation_delay&quot;:150}\" data-widget_type=\"cs_info_box.default\">\n\t\t\t\t<div class=\"elementor-widget-container\">\n\t\t\t\n\t\t\t<div class=\"cs-info-box column-3 valign-top img-left\">\n                <div class=\"cs-info-box-wrap\">                    <div class=\"cs-info-box-item elementor-repeater-item-0a01fb1\">\n                    \t<div class=\"cs-item-container\">\t                        <div class=\"cs-info-box-img\"><i aria-hidden=\"true\" class=\"flaticon flaticon-wifi-2\"><\/i>\t                        <\/div>\t                        <div class=\"cs-info-box-content\">\n\t                            <h5 class=\"cs-title cs-info-box-title\">Wifi & Internet\t\t\t\t\t\t\t\t<\/h5>\t                            \t<div class=\"cs-info-box-text\"><p>Ka\u017cdy z naszych apartament\u00f3w oferuje bezp\u0142atny dost\u0119p do Internetu, umo\u017cliwiaj\u0105c korzystanie bez ogranicze\u0144 i dodatkowych op\u0142at.<\/p><\/div>\t                        <\/div>\t                    <\/div>\n                    <\/div>                    <div class=\"cs-info-box-item elementor-repeater-item-5d61583\">\n                    \t<div class=\"cs-item-container\">\t                        <div class=\"cs-info-box-img\"><i aria-hidden=\"true\" class=\"flaticon flaticon-spa\"><\/i>\t                        <\/div>\t                        <div class=\"cs-info-box-content\">\n\t                            <h5 class=\"cs-title cs-info-box-title\">Strefa SPA\t\t\t\t\t\t\t\t<\/h5>\t                            \t<div class=\"cs-info-box-text\"><p>Do Twojej dyspozycji jest r\u00f3wnie\u017c strefa SPA, gdzie mo\u017cesz zrelaksowa\u0107 si\u0119 w jacuzzi, odpr\u0119\u017cy\u0107 w saunie i skorzysta\u0107 z dobroczynnych w\u0142a\u015bciwo\u015bci groty solnej.<\/p><\/div>\t                        <\/div>\t                    <\/div>\n                    <\/div>                    <div class=\"cs-info-box-item elementor-repeater-item-0bf7877\">\n                    \t<div class=\"cs-item-container\">\t                        <div class=\"cs-info-box-img\"><i aria-hidden=\"true\" class=\"flaticon flaticon-fitness\"><\/i>\t                        <\/div>\t                        <div class=\"cs-info-box-content\">\n\t                            <h5 class=\"cs-title cs-info-box-title\">Si\u0142owania\t\t\t\t\t\t\t\t<\/h5>\t                            \t<div class=\"cs-info-box-text\"><p>\nNa terenie obiektu znajduje si\u0119 w pe\u0142ni wyposa\u017cona si\u0142ownia, kt\u00f3ra pozwoli Ci zadba\u0107 o form\u0119 i aktywno\u015b\u0107 fizyczn\u0105 w trakcie pobytu.<\/p><\/div>\t                        <\/div>\t                    <\/div>\n                    <\/div>                    <div class=\"cs-info-box-item elementor-repeater-item-55da29c\">\n                    \t<div class=\"cs-item-container\">\t                        <div class=\"cs-info-box-img\"><i aria-hidden=\"true\" class=\"flaticon flaticon-parking\"><\/i>\t                        <\/div>\t                        <div class=\"cs-info-box-content\">\n\t                            <h5 class=\"cs-title cs-info-box-title\">Prywatny Parking\t\t\t\t\t\t\t\t<\/h5>\t                            \t<div class=\"cs-info-box-text\"><p>Oferujemy bezp\u0142atne prywatne miejsca parkingowe, aby zapewni\u0107 Ci wygod\u0119 i komfort podczas pobytu.<\/p><\/div>\t                        <\/div>\t                    <\/div>\n                    <\/div>                    <div class=\"cs-info-box-item elementor-repeater-item-6c33aa7\">\n                    \t<div class=\"cs-item-container\">\t                        <div class=\"cs-info-box-img\"><i aria-hidden=\"true\" class=\"flaticon flaticon-customer-service\"><\/i>\t                        <\/div>\t                        <div class=\"cs-info-box-content\">\n\t                            <h5 class=\"cs-title cs-info-box-title\">Serwis sprz\u0105taj\u0105cy\t\t\t\t\t\t\t\t<\/h5>\t                            \t<div class=\"cs-info-box-text\"><p>Kiedy przyjedziesz, znajdziesz sw\u00f3j apartament w idealnym porz\u0105dku. Je\u015bli jednak zechcesz, aby zosta\u0142 on ponownie posprz\u0105tany, z przyjemno\u015bci\u0105 wy\u015blemy nasz serwis sprz\u0105taj\u0105cy (us\u0142uga odp\u0142atna)<\/p><\/div>\t                        <\/div>\t                    <\/div>\n                    <\/div>                    <div class=\"cs-info-box-item elementor-repeater-item-bb40a8b\">\n                    \t<div class=\"cs-item-container\">\t                        <div class=\"cs-info-box-img\"><i aria-hidden=\"true\" class=\"flaticon flaticon-washing-machine\"><\/i>\t                        <\/div>\t                        <div class=\"cs-info-box-content\">\n\t                            <h5 class=\"cs-title cs-info-box-title\">Us\u0142uga prania\t\t\t\t\t\t\t\t<\/h5>\t                            \t<div class=\"cs-info-box-text\"><p>Oferujemy wygodn\u0105 us\u0142ug\u0119 prania, dzi\u0119ki kt\u00f3rej mo\u017cesz cieszy\u0107 si\u0119 \u015bwie\u017cymi i czystymi ubraniami bez \u017cadnego wysi\u0142ku podczas swojego pobytu. (us\u0142uga odp\u0142atna)<\/p><\/div>\t                        <\/div>\t                    <\/div>\n                    <\/div>\t\t\t\t<\/div>\n\t\t\t<\/div>\t\t<\/div>\n\t\t\t\t<\/div>\n\t\t\t\t\t<\/div>\n\t\t<\/div>\n\t\t\t\t\t<\/div>\n\t\t<\/section>\n\t\t\t\t<section class=\"elementor-section elementor-top-section elementor-element elementor-element-bfc2fdb cs-section-content-fullwidth elementor-section-boxed elementor-section-height-default elementor-section-height-default\" data-id=\"bfc2fdb\" data-element_type=\"section\" data-settings=\"{&quot;background_background&quot;:&quot;classic&quot;}\">\n\t\t\t\t\t\t<div class=\"elementor-container elementor-column-gap-no\">\n\t\t\t\t\t<div class=\"elementor-column elementor-col-100 elementor-top-column elementor-element elementor-element-f0769f7 dark-color\" data-id=\"f0769f7\" data-element_type=\"column\">\n\t\t\t<div class=\"elementor-widget-wrap elementor-element-populated\">\n\t\t\t\t\t\t<div class=\"elementor-element elementor-element-bde5432 elementor-widget elementor-widget-cs_title\" data-id=\"bde5432\" data-element_type=\"widget\" data-widget_type=\"cs_title.default\">\n\t\t\t\t<div class=\"elementor-widget-container\">\n\t\t\t\n        <div class=\"cs-title-wrap text-center\">\t            <div class=\"cs-subtitle-wrap\"><span class=\"cs-subtitle\">Ciesz si\u0119 swoim pobytem<\/span><\/div>\t            <h4 class=\"cs-title\">\n\t                Wypocznij tak jak Lubisz\t            <\/h4>\t            <div class=\"cs-title-text\">\n\t                <p>Odkryj luksus w sercu Zakopanego: eleganckie apartamenty w podhala\u0144skim stylu ze stref\u0105 SPA\u00a0 &#8211; jacuzzi, saun\u0105, grot\u0105 soln\u0105 i si\u0142owni\u0105 \u2013 Apart H900 to Tw\u00f3j premium wypoczynek w g\u00f3rach!<\/p>\t            <\/div>                <div class=\"cs-title-btn\">\n                    <a class=\"button elementor-button-link cs-btn-outline cs-btn-small\" role=\"button\" href=\"https:\/\/aparth900.pl\/?page_id=17\">\n                        <span class=\"cs-btn-text\">Sprawd\u017a dost\u0119pne apartamenty<\/span>                    <\/a>\n                <\/div>\n                    <\/div>\t\t<\/div>\n\t\t\t\t<\/div>\n\t\t\t\t\t<\/div>\n\t\t<\/div>\n\t\t\t\t\t<\/div>\n\t\t<\/section>\n\t\t\t\t<\/div>\n\t\t","protected":false},"excerpt":{"rendered":"<p>APARTAMENTY PREMIUM Poczuj si\u0119 jak w hotelu, ciesz\u0105c si\u0119 jednocze\u015bnie wszystkimi udogodnieniami apartamentu, w tym pe\u0142ni wyposa\u017con\u0105 kuchni\u0105. Udogodnienia i us\u0142ugi Odkryj oferowane przez nas us\u0142ugi i UDOGODNIENIA Wifi &#038; Internet Ka\u017cdy z naszych apartament\u00f3w oferuje bezp\u0142atny dost\u0119p do Internetu, umo\u017cliwiaj\u0105c korzystanie bez ogranicze\u0144 i dodatkowych op\u0142at. Strefa SPA Do Twojej dyspozycji jest r\u00f3wnie\u017c strefa &#8230;<\/p>\n","protected":false},"author":1,"featured_media":0,"parent":0,"menu_order":0,"comment_status":"closed","ping_status":"closed","template":"template-wide-content.php","meta":{"cozystay_single_page_hide_site_header":"","cozystay_single_page_site_header_source":"","cozystay_single_page_custom_site_header":"0","cozystay_single_page_custom_sticky_site_header":"0","cozystay_single_page_hide_page_title":"on","cozystay_single_page_header_section_size":"","cozystay_single_page_header_background_color":"","cozystay_single_page_header_background_position_x":"center","cozystay_single_page_header_background_position_y":"center","cozystay_single_page_header_background_size":"cover","cozystay_single_page_header_background_repeat":"off","cozystay_single_page_header_background_scroll":"on","cozystay_single_page_header_text_color":"","cozystay_single_page_header_show_breadcrumb":"","cozystay_single_page_site_footer_hide_main":"","cozystay_single_custom_site_footer_main_source":"","cozystay_single_custom_site_footer_main":"0","cozystay_single_page_site_footer_hide_above":"","cozystay_single_custom_site_footer_above_source":"","cozystay_single_custom_site_footer_above":"0","cozystay_single_page_site_footer_hide_instagram":"","cozystay_single_page_site_footer_hide_bottom":"","cozystay_single_custom_mobile_menu_source":"","cozystay_single_custom_mobile_menu":"0","cozystay_single_custom_mobile_menu_animation":"","cozystay_single_custom_mobile_menu_width":"","cozystay_single_custom_mobile_menu_custom_width":375,"footnotes":""},"class_list":["post-2494","page","type-page","status-publish","hentry"],"_links":{"self":[{"href":"https:\/\/aparth900.pl\/index.php?rest_route=\/wp\/v2\/pages\/2494","targetHints":{"allow":["GET"]}}],"collection":[{"href":"https:\/\/aparth900.pl\/index.php?rest_route=\/wp\/v2\/pages"}],"about":[{"href":"https:\/\/aparth900.pl\/index.php?rest_route=\/wp\/v2\/types\/page"}],"author":[{"embeddable":true,"href":"https:\/\/aparth900.pl\/index.php?rest_route=\/wp\/v2\/users\/1"}],"replies":[{"embeddable":true,"href":"https:\/\/aparth900.pl\/index.php?rest_route=%2Fwp%2Fv2%2Fcomments&post=2494"}],"version-history":[{"count":49,"href":"https:\/\/aparth900.pl\/index.php?rest_route=\/wp\/v2\/pages\/2494\/revisions"}],"predecessor-version":[{"id":2841,"href":"https:\/\/aparth900.pl\/index.php?rest_route=\/wp\/v2\/pages\/2494\/revisions\/2841"}],"wp:attachment":[{"href":"https:\/\/aparth900.pl\/index.php?rest_route=%2Fwp%2Fv2%2Fmedia&parent=2494"}],"curies":[{"name":"wp","href":"https:\/\/api.w.org\/{rel}","templated":true}]}}