{"id":2496,"date":"2023-04-24T04:45:01","date_gmt":"2023-04-24T04:45:01","guid":{"rendered":"https:\/\/cozystay.loftocean.com\/mountain-hotel\/?page_id=15"},"modified":"2024-11-21T17:45:31","modified_gmt":"2024-11-21T16:45:31","slug":"dine","status":"publish","type":"page","link":"https:\/\/aparth900.pl\/?page_id=2496","title":{"rendered":"Dine"},"content":{"rendered":"\t\t<div data-elementor-type=\"wp-page\" data-elementor-id=\"2496\" class=\"elementor elementor-2496\" data-elementor-post-type=\"page\">\n\t\t\t\t\t\t<section class=\"elementor-section elementor-top-section elementor-element elementor-element-329c4e5e elementor-section-height-min-height cs-section-content-fullwidth cs-parallax-on-scroll cs_scroll_y_80 elementor-section-boxed elementor-section-height-default elementor-section-items-middle\" data-id=\"329c4e5e\" data-element_type=\"section\" data-settings=\"{&quot;background_background&quot;:&quot;classic&quot;}\" data-cs-parallax-y=\"80\" style=\"background-image: none;\" data-cs-background-image=\"https:\/\/aparth900.pl\/wp-content\/uploads\/2024\/09\/Sauna_relax.jpg\">\n\t\t\t\t\t\t\t<div class=\"elementor-background-overlay\"><\/div>\n\t\t\t\t\t\t\t<div class=\"elementor-container elementor-column-gap-no\">\n\t\t\t\t\t<div class=\"elementor-column elementor-col-100 elementor-top-column elementor-element elementor-element-3eabde34 dark-color\" data-id=\"3eabde34\" data-element_type=\"column\">\n\t\t\t<div class=\"elementor-widget-wrap elementor-element-populated\">\n\t\t\t\t\t\t<div class=\"elementor-element elementor-element-4fa70e2b elementor-widget elementor-widget-cs_title\" data-id=\"4fa70e2b\" data-element_type=\"widget\" data-widget_type=\"cs_title.default\">\n\t\t\t\t<div class=\"elementor-widget-container\">\n\t\t\t\n        <div class=\"cs-title-wrap text-center\">\t            <h1 class=\"cs-title\">\n\t                Strefa SPA i RELAKSU\t            <\/h1>\t            <div class=\"cs-title-text\">\n\t                <p>Zanurz si\u0119 w oazie spokoju \u2013 nasza strefa SPA to idealne miejsce na relaks i regeneracj\u0119<\/p>\t            <\/div>        <\/div>\t\t<\/div>\n\t\t\t\t<\/div>\n\t\t\t\t\t<\/div>\n\t\t<\/div>\n\t\t\t\t\t<\/div>\n\t\t<\/section>\n\t\t\t\t<section class=\"elementor-section elementor-top-section elementor-element elementor-element-0463922 elementor-section-boxed elementor-section-height-default elementor-section-height-default\" data-id=\"0463922\" data-element_type=\"section\">\n\t\t\t\t\t\t<div class=\"elementor-container elementor-column-gap-no\">\n\t\t\t\t\t<div class=\"elementor-column elementor-col-100 elementor-top-column elementor-element elementor-element-e7175ca\" data-id=\"e7175ca\" data-element_type=\"column\">\n\t\t\t<div class=\"elementor-widget-wrap elementor-element-populated\">\n\t\t\t\t\t\t<div class=\"elementor-element elementor-element-1904af6 elementor-widget elementor-widget-cs_title\" data-id=\"1904af6\" data-element_type=\"widget\" data-widget_type=\"cs_title.default\">\n\t\t\t\t<div class=\"elementor-widget-container\">\n\t\t\t\n        <div class=\"cs-title-wrap text-center\">\t            <div class=\"cs-subtitle-wrap\"><span class=\"cs-subtitle\">ODDAJ SI\u0118 CHWILI RELAKSU<\/span><\/div>\t            <h3 class=\"cs-title\">\n\t                Cisza, Luksus i Zapieraj\u0105ce dech w piersiach Widoki\t            <\/h3>\t            <div class=\"cs-title-text\">\n\t                <p>Do dyspozycji go\u015bci oddajemy nowoczesn\u0105 stref\u0119 relaksu, w kt\u00f3rej mo\u017cna skorzysta\u0107 z jacuzzi, sauny, t\u0119\u017cni solankowej oraz si\u0142owni. W trosce o najm\u0142odszych przygotowali\u015bmy r\u00f3wnie\u017c specjaln\u0105 sal\u0119 zabaw, zapewniaj\u0105c\u0105 bezpieczn\u0105 rozrywk\u0119.<\/p>\t            <\/div>        <\/div>\t\t<\/div>\n\t\t\t\t<\/div>\n\t\t\t\t\t<\/div>\n\t\t<\/div>\n\t\t\t\t\t<\/div>\n\t\t<\/section>\n\t\t\t\t<section class=\"elementor-section elementor-top-section elementor-element elementor-element-a7eebcb elementor-section-boxed elementor-section-height-default elementor-section-height-default\" data-id=\"a7eebcb\" data-element_type=\"section\">\n\t\t\t\t\t\t<div class=\"elementor-container elementor-column-gap-no\">\n\t\t\t\t\t<div class=\"elementor-column elementor-col-100 elementor-top-column elementor-element elementor-element-f9edbb7\" data-id=\"f9edbb7\" data-element_type=\"column\">\n\t\t\t<div class=\"elementor-widget-wrap elementor-element-populated\">\n\t\t\t\t\t\t<div class=\"elementor-element elementor-element-5c7de78 cs-animation-small-offset animated-fast elementor-invisible elementor-widget elementor-widget-cs_gallery\" data-id=\"5c7de78\" data-element_type=\"widget\" data-settings=\"{&quot;_animation&quot;:&quot;fadeInUp&quot;}\" data-widget_type=\"cs_gallery.default\">\n\t\t\t\t<div class=\"elementor-widget-container\">\n\t\t\t\n            <div class=\"cs-gallery gap-5 gallery-carousel style-overflow\" data-column=\"3\" data-fade=\"\" data-autoplay=\"off\" data-autoplay-speed=\"5000\" data-show-arrows=\"on\" data-show-dots=\"on\" data-variable-width=\"off\" data-overflow-style=\"on\" data-center-mode=\"\">\n                <div class=\"cs-gallery-wrap\">                    <div class=\"cs-gallery-item\"><img fetchpriority=\"high\" decoding=\"async\" width=\"550\" height=\"825\" src=\"https:\/\/aparth900.pl\/wp-content\/uploads\/2024\/09\/1-550x825.jpg\" class=\"attachment-cozystay_550x9999 size-cozystay_550x9999 wp-image-2723\" alt=\"\" srcset=\"https:\/\/aparth900.pl\/wp-content\/uploads\/2024\/09\/1-550x825.jpg 550w, https:\/\/aparth900.pl\/wp-content\/uploads\/2024\/09\/1-200x300.jpg 200w, https:\/\/aparth900.pl\/wp-content\/uploads\/2024\/09\/1-683x1024.jpg 683w, https:\/\/aparth900.pl\/wp-content\/uploads\/2024\/09\/1-768x1152.jpg 768w, https:\/\/aparth900.pl\/wp-content\/uploads\/2024\/09\/1-780x1170.jpg 780w, https:\/\/aparth900.pl\/wp-content\/uploads\/2024\/09\/1-600x900.jpg 600w, https:\/\/aparth900.pl\/wp-content\/uploads\/2024\/09\/1-370x555.jpg 370w, https:\/\/aparth900.pl\/wp-content\/uploads\/2024\/09\/1-255x383.jpg 255w, https:\/\/aparth900.pl\/wp-content\/uploads\/2024\/09\/1-100x150.jpg 100w, https:\/\/aparth900.pl\/wp-content\/uploads\/2024\/09\/1.jpg 800w\" sizes=\"(max-width: 550px) 100vw, 550px\" \/>                    <\/div>                    <div class=\"cs-gallery-item\"><img decoding=\"async\" width=\"550\" height=\"825\" src=\"https:\/\/aparth900.pl\/wp-content\/uploads\/2024\/09\/4-550x825.jpg\" class=\"attachment-cozystay_550x9999 size-cozystay_550x9999 wp-image-2726\" alt=\"\" srcset=\"https:\/\/aparth900.pl\/wp-content\/uploads\/2024\/09\/4-550x825.jpg 550w, https:\/\/aparth900.pl\/wp-content\/uploads\/2024\/09\/4-200x300.jpg 200w, https:\/\/aparth900.pl\/wp-content\/uploads\/2024\/09\/4-683x1024.jpg 683w, https:\/\/aparth900.pl\/wp-content\/uploads\/2024\/09\/4-768x1152.jpg 768w, https:\/\/aparth900.pl\/wp-content\/uploads\/2024\/09\/4-780x1170.jpg 780w, https:\/\/aparth900.pl\/wp-content\/uploads\/2024\/09\/4-600x900.jpg 600w, https:\/\/aparth900.pl\/wp-content\/uploads\/2024\/09\/4-370x555.jpg 370w, https:\/\/aparth900.pl\/wp-content\/uploads\/2024\/09\/4-255x383.jpg 255w, https:\/\/aparth900.pl\/wp-content\/uploads\/2024\/09\/4-100x150.jpg 100w, https:\/\/aparth900.pl\/wp-content\/uploads\/2024\/09\/4.jpg 800w\" sizes=\"(max-width: 550px) 100vw, 550px\" \/>                    <\/div>                    <div class=\"cs-gallery-item\"><img decoding=\"async\" width=\"550\" height=\"825\" src=\"https:\/\/aparth900.pl\/wp-content\/uploads\/2024\/09\/2-550x825.jpg\" class=\"attachment-cozystay_550x9999 size-cozystay_550x9999 wp-image-2724\" alt=\"\" srcset=\"https:\/\/aparth900.pl\/wp-content\/uploads\/2024\/09\/2-550x825.jpg 550w, https:\/\/aparth900.pl\/wp-content\/uploads\/2024\/09\/2-200x300.jpg 200w, https:\/\/aparth900.pl\/wp-content\/uploads\/2024\/09\/2-683x1024.jpg 683w, https:\/\/aparth900.pl\/wp-content\/uploads\/2024\/09\/2-768x1152.jpg 768w, https:\/\/aparth900.pl\/wp-content\/uploads\/2024\/09\/2-780x1170.jpg 780w, https:\/\/aparth900.pl\/wp-content\/uploads\/2024\/09\/2-600x900.jpg 600w, https:\/\/aparth900.pl\/wp-content\/uploads\/2024\/09\/2-370x555.jpg 370w, https:\/\/aparth900.pl\/wp-content\/uploads\/2024\/09\/2-255x383.jpg 255w, https:\/\/aparth900.pl\/wp-content\/uploads\/2024\/09\/2-100x150.jpg 100w, https:\/\/aparth900.pl\/wp-content\/uploads\/2024\/09\/2.jpg 800w\" sizes=\"(max-width: 550px) 100vw, 550px\" \/>                    <\/div>                    <div class=\"cs-gallery-item\"><img loading=\"lazy\" decoding=\"async\" width=\"550\" height=\"825\" src=\"https:\/\/aparth900.pl\/wp-content\/uploads\/2024\/09\/5-550x825.jpg\" class=\"attachment-cozystay_550x9999 size-cozystay_550x9999 wp-image-2727\" alt=\"\" srcset=\"https:\/\/aparth900.pl\/wp-content\/uploads\/2024\/09\/5-550x825.jpg 550w, https:\/\/aparth900.pl\/wp-content\/uploads\/2024\/09\/5-200x300.jpg 200w, https:\/\/aparth900.pl\/wp-content\/uploads\/2024\/09\/5-683x1024.jpg 683w, https:\/\/aparth900.pl\/wp-content\/uploads\/2024\/09\/5-768x1152.jpg 768w, https:\/\/aparth900.pl\/wp-content\/uploads\/2024\/09\/5-780x1170.jpg 780w, https:\/\/aparth900.pl\/wp-content\/uploads\/2024\/09\/5-600x900.jpg 600w, https:\/\/aparth900.pl\/wp-content\/uploads\/2024\/09\/5-370x555.jpg 370w, https:\/\/aparth900.pl\/wp-content\/uploads\/2024\/09\/5-255x383.jpg 255w, https:\/\/aparth900.pl\/wp-content\/uploads\/2024\/09\/5-100x150.jpg 100w, https:\/\/aparth900.pl\/wp-content\/uploads\/2024\/09\/5.jpg 800w\" sizes=\"(max-width: 550px) 100vw, 550px\" \/>                    <\/div>                    <div class=\"cs-gallery-item\"><img loading=\"lazy\" decoding=\"async\" width=\"550\" height=\"825\" src=\"https:\/\/aparth900.pl\/wp-content\/uploads\/2024\/09\/3-550x825.jpg\" class=\"attachment-cozystay_550x9999 size-cozystay_550x9999 wp-image-2725\" alt=\"\" srcset=\"https:\/\/aparth900.pl\/wp-content\/uploads\/2024\/09\/3-550x825.jpg 550w, https:\/\/aparth900.pl\/wp-content\/uploads\/2024\/09\/3-200x300.jpg 200w, https:\/\/aparth900.pl\/wp-content\/uploads\/2024\/09\/3-683x1024.jpg 683w, https:\/\/aparth900.pl\/wp-content\/uploads\/2024\/09\/3-768x1152.jpg 768w, https:\/\/aparth900.pl\/wp-content\/uploads\/2024\/09\/3-780x1170.jpg 780w, https:\/\/aparth900.pl\/wp-content\/uploads\/2024\/09\/3-600x900.jpg 600w, https:\/\/aparth900.pl\/wp-content\/uploads\/2024\/09\/3-370x555.jpg 370w, https:\/\/aparth900.pl\/wp-content\/uploads\/2024\/09\/3-255x383.jpg 255w, https:\/\/aparth900.pl\/wp-content\/uploads\/2024\/09\/3-100x150.jpg 100w, https:\/\/aparth900.pl\/wp-content\/uploads\/2024\/09\/3.jpg 800w\" sizes=\"(max-width: 550px) 100vw, 550px\" \/>                    <\/div>                    <div class=\"cs-gallery-item\"><img loading=\"lazy\" decoding=\"async\" width=\"550\" height=\"825\" src=\"https:\/\/aparth900.pl\/wp-content\/uploads\/2024\/09\/6-550x825.jpg\" class=\"attachment-cozystay_550x9999 size-cozystay_550x9999 wp-image-2728\" alt=\"\" srcset=\"https:\/\/aparth900.pl\/wp-content\/uploads\/2024\/09\/6-550x825.jpg 550w, https:\/\/aparth900.pl\/wp-content\/uploads\/2024\/09\/6-200x300.jpg 200w, https:\/\/aparth900.pl\/wp-content\/uploads\/2024\/09\/6-683x1024.jpg 683w, https:\/\/aparth900.pl\/wp-content\/uploads\/2024\/09\/6-768x1152.jpg 768w, https:\/\/aparth900.pl\/wp-content\/uploads\/2024\/09\/6-780x1170.jpg 780w, https:\/\/aparth900.pl\/wp-content\/uploads\/2024\/09\/6-600x900.jpg 600w, https:\/\/aparth900.pl\/wp-content\/uploads\/2024\/09\/6-370x555.jpg 370w, https:\/\/aparth900.pl\/wp-content\/uploads\/2024\/09\/6-255x383.jpg 255w, https:\/\/aparth900.pl\/wp-content\/uploads\/2024\/09\/6-100x150.jpg 100w, https:\/\/aparth900.pl\/wp-content\/uploads\/2024\/09\/6.jpg 800w\" sizes=\"(max-width: 550px) 100vw, 550px\" \/>                    <\/div>                <\/div>\n            <\/div>\t\t<\/div>\n\t\t\t\t<\/div>\n\t\t\t\t\t<\/div>\n\t\t<\/div>\n\t\t\t\t\t<\/div>\n\t\t<\/section>\n\t\t\t\t<section class=\"elementor-section elementor-top-section elementor-element elementor-element-aa6e54c cs-section-content-fullwidth elementor-section-boxed elementor-section-height-default elementor-section-height-default\" data-id=\"aa6e54c\" data-element_type=\"section\" data-settings=\"{&quot;background_background&quot;:&quot;classic&quot;}\">\n\t\t\t\t\t\t<div class=\"elementor-container elementor-column-gap-no\">\n\t\t\t\t\t<div class=\"elementor-column elementor-col-100 elementor-top-column elementor-element elementor-element-37b6bde dark-color\" data-id=\"37b6bde\" data-element_type=\"column\">\n\t\t\t<div class=\"elementor-widget-wrap elementor-element-populated\">\n\t\t\t\t\t\t<div class=\"elementor-element elementor-element-f02568d elementor-widget elementor-widget-cs_title\" data-id=\"f02568d\" data-element_type=\"widget\" data-widget_type=\"cs_title.default\">\n\t\t\t\t<div class=\"elementor-widget-container\">\n\t\t\t\n        <div class=\"cs-title-wrap text-center\">\t            <div class=\"cs-subtitle-wrap\"><span class=\"cs-subtitle\">SPA BEZ DODATKOWYCH OP\u0141AT<\/span><\/div>\t            <h3 class=\"cs-title\">\n\t                Poczuj prawdziwy relaks w sercu polskich Tatr\t            <\/h3>\t            <div class=\"cs-title-text\">\n\t                <p>Po intensywnym dniu w g\u00f3rach zrelaksuj si\u0119 w bezp\u0142atnej strefie SPA<\/p>\t            <\/div>        <\/div>\t\t<\/div>\n\t\t\t\t<\/div>\n\t\t\t\t\t<\/div>\n\t\t<\/div>\n\t\t\t\t\t<\/div>\n\t\t<\/section>\n\t\t\t\t<\/div>\n\t\t","protected":false},"excerpt":{"rendered":"<p>Strefa SPA i RELAKSU Zanurz si\u0119 w oazie spokoju \u2013 nasza strefa SPA to idealne miejsce na relaks i regeneracj\u0119 ODDAJ SI\u0118 CHWILI RELAKSU Cisza, Luksus i Zapieraj\u0105ce dech w piersiach Widoki Do dyspozycji go\u015bci oddajemy nowoczesn\u0105 stref\u0119 relaksu, w kt\u00f3rej mo\u017cna skorzysta\u0107 z jacuzzi, sauny, t\u0119\u017cni solankowej oraz si\u0142owni. W trosce o najm\u0142odszych przygotowali\u015bmy &#8230;<\/p>\n","protected":false},"author":1,"featured_media":0,"parent":0,"menu_order":0,"comment_status":"closed","ping_status":"closed","template":"template-wide-content.php","meta":{"cozystay_single_page_hide_site_header":"","cozystay_single_page_site_header_source":"","cozystay_single_page_custom_site_header":"0","cozystay_single_page_custom_sticky_site_header":"0","cozystay_single_page_hide_page_title":"on","cozystay_single_page_header_section_size":"","cozystay_single_page_header_background_color":"","cozystay_single_page_header_background_position_x":"center","cozystay_single_page_header_background_position_y":"center","cozystay_single_page_header_background_size":"cover","cozystay_single_page_header_background_repeat":"off","cozystay_single_page_header_background_scroll":"on","cozystay_single_page_header_text_color":"","cozystay_single_page_header_show_breadcrumb":"","cozystay_single_page_site_footer_hide_main":"","cozystay_single_custom_site_footer_main_source":"","cozystay_single_custom_site_footer_main":"0","cozystay_single_page_site_footer_hide_above":"","cozystay_single_custom_site_footer_above_source":"","cozystay_single_custom_site_footer_above":"0","cozystay_single_page_site_footer_hide_instagram":"","cozystay_single_page_site_footer_hide_bottom":"","cozystay_single_custom_mobile_menu_source":"","cozystay_single_custom_mobile_menu":"0","cozystay_single_custom_mobile_menu_animation":"","cozystay_single_custom_mobile_menu_width":"","cozystay_single_custom_mobile_menu_custom_width":375,"footnotes":""},"class_list":["post-2496","page","type-page","status-publish","hentry"],"_links":{"self":[{"href":"https:\/\/aparth900.pl\/index.php?rest_route=\/wp\/v2\/pages\/2496","targetHints":{"allow":["GET"]}}],"collection":[{"href":"https:\/\/aparth900.pl\/index.php?rest_route=\/wp\/v2\/pages"}],"about":[{"href":"https:\/\/aparth900.pl\/index.php?rest_route=\/wp\/v2\/types\/page"}],"author":[{"embeddable":true,"href":"https:\/\/aparth900.pl\/index.php?rest_route=\/wp\/v2\/users\/1"}],"replies":[{"embeddable":true,"href":"https:\/\/aparth900.pl\/index.php?rest_route=%2Fwp%2Fv2%2Fcomments&post=2496"}],"version-history":[{"count":40,"href":"https:\/\/aparth900.pl\/index.php?rest_route=\/wp\/v2\/pages\/2496\/revisions"}],"predecessor-version":[{"id":3184,"href":"https:\/\/aparth900.pl\/index.php?rest_route=\/wp\/v2\/pages\/2496\/revisions\/3184"}],"wp:attachment":[{"href":"https:\/\/aparth900.pl\/index.php?rest_route=%2Fwp%2Fv2%2Fmedia&parent=2496"}],"curies":[{"name":"wp","href":"https:\/\/api.w.org\/{rel}","templated":true}]}}