{"id":46,"date":"2023-04-24T04:51:33","date_gmt":"2023-04-24T04:51:33","guid":{"rendered":"https:\/\/cozystay.loftocean.com\/mountain-hotel\/?page_id=46"},"modified":"2024-09-28T00:04:53","modified_gmt":"2024-09-27T22:04:53","slug":"play","status":"publish","type":"page","link":"https:\/\/aparth900.pl\/?page_id=46","title":{"rendered":"Play"},"content":{"rendered":"\t\t<div data-elementor-type=\"wp-page\" data-elementor-id=\"46\" class=\"elementor elementor-46\" data-elementor-post-type=\"page\">\n\t\t\t\t\t\t<section class=\"elementor-section elementor-top-section elementor-element elementor-element-6c2fcb5e elementor-section-height-min-height cs-section-content-fullwidth cs-parallax-on-scroll cs_scroll_y_100 elementor-section-boxed elementor-section-height-default elementor-section-items-middle\" data-id=\"6c2fcb5e\" data-element_type=\"section\" data-settings=\"{&quot;background_background&quot;:&quot;classic&quot;}\" data-cs-parallax-y=\"100\" style=\"background-image: none;\" data-cs-background-image=\"https:\/\/aparth900.pl\/wp-content\/uploads\/2024\/09\/Projekt-bez-nazwy-67.png\">\n\t\t\t\t\t\t\t<div class=\"elementor-background-overlay\"><\/div>\n\t\t\t\t\t\t\t<div class=\"elementor-container elementor-column-gap-no\">\n\t\t\t\t\t<div class=\"elementor-column elementor-col-100 elementor-top-column elementor-element elementor-element-53dc37dc dark-color\" data-id=\"53dc37dc\" data-element_type=\"column\">\n\t\t\t<div class=\"elementor-widget-wrap elementor-element-populated\">\n\t\t\t\t\t\t<div class=\"elementor-element elementor-element-6f6be9f0 elementor-widget elementor-widget-cs_title\" data-id=\"6f6be9f0\" data-element_type=\"widget\" data-widget_type=\"cs_title.default\">\n\t\t\t\t<div class=\"elementor-widget-container\">\n\t\t\t\n        <div class=\"cs-title-wrap text-center\">\t            <h1 class=\"cs-title\">\n\t                POZNAJ Zakopane\t            <\/h1>\t            <div class=\"cs-title-text\">\n\t                <p>Od pobytu ekscytuj\u0105cego po relaksuj\u0105cy. Dla mi\u0142o\u015bnik\u00f3w przyrody, sportu i kultury.<\/p>\t            <\/div>        <\/div>\t\t<\/div>\n\t\t\t\t<\/div>\n\t\t\t\t\t<\/div>\n\t\t<\/div>\n\t\t\t\t\t<\/div>\n\t\t<\/section>\n\t\t\t\t<section class=\"elementor-section elementor-top-section elementor-element elementor-element-948989c elementor-section-boxed elementor-section-height-default elementor-section-height-default\" data-id=\"948989c\" data-element_type=\"section\">\n\t\t\t\t\t\t<div class=\"elementor-container elementor-column-gap-no\">\n\t\t\t\t\t<div class=\"elementor-column elementor-col-100 elementor-top-column elementor-element elementor-element-22525d4\" data-id=\"22525d4\" data-element_type=\"column\">\n\t\t\t<div class=\"elementor-widget-wrap elementor-element-populated\">\n\t\t\t\t\t\t<div class=\"elementor-element elementor-element-405df39 elementor-widget elementor-widget-cs_title\" data-id=\"405df39\" data-element_type=\"widget\" data-widget_type=\"cs_title.default\">\n\t\t\t\t<div class=\"elementor-widget-container\">\n\t\t\t\n        <div class=\"cs-title-wrap text-center\">\t            <div class=\"cs-subtitle-wrap\"><span class=\"cs-subtitle\">APART h900 - Zakopane<\/span><\/div>\t            <h6 class=\"cs-title\">\n\t                \nZakopane, malowniczo po\u0142o\u017cone u st\u00f3p Tatr, jest stolic\u0105 polskich g\u00f3r i popularnym o\u015brodkiem turystycznym, przyci\u0105gaj\u0105cym mi\u0142o\u015bnik\u00f3w zar\u00f3wno zimowych sport\u00f3w, jak i g\u00f3rskich w\u0119dr\u00f3wek.\t            <\/h6>        <\/div>\t\t<\/div>\n\t\t\t\t<\/div>\n\t\t\t\t\t<\/div>\n\t\t<\/div>\n\t\t\t\t\t<\/div>\n\t\t<\/section>\n\t\t\t\t<section class=\"elementor-section elementor-top-section elementor-element elementor-element-68e4621 elementor-section-content-middle elementor-reverse-tablet elementor-reverse-mobile elementor-section-boxed elementor-section-height-default elementor-section-height-default\" data-id=\"68e4621\" data-element_type=\"section\" data-settings=\"{&quot;background_background&quot;:&quot;classic&quot;}\">\n\t\t\t\t\t\t<div class=\"elementor-container elementor-column-gap-no\">\n\t\t\t\t\t<div class=\"elementor-column elementor-col-50 elementor-top-column elementor-element elementor-element-658bcc9 dark-color animated-fast cs-animation-small-offset elementor-invisible\" data-id=\"658bcc9\" data-element_type=\"column\" data-settings=\"{&quot;background_background&quot;:&quot;classic&quot;,&quot;animation&quot;:&quot;fadeInLeft&quot;,&quot;animation_tablet&quot;:&quot;fadeInUp&quot;}\">\n\t\t\t<div class=\"elementor-widget-wrap elementor-element-populated\">\n\t\t\t\t\t\t<section class=\"elementor-section elementor-inner-section elementor-element elementor-element-befac52 elementor-section-boxed elementor-section-height-default elementor-section-height-default\" data-id=\"befac52\" data-element_type=\"section\" data-settings=\"{&quot;background_background&quot;:&quot;classic&quot;}\">\n\t\t\t\t\t\t<div class=\"elementor-container elementor-column-gap-no\">\n\t\t\t\t\t<div class=\"elementor-column elementor-col-100 elementor-inner-column elementor-element elementor-element-f64970a\" data-id=\"f64970a\" data-element_type=\"column\">\n\t\t\t<div class=\"elementor-widget-wrap elementor-element-populated\">\n\t\t\t\t\t\t<div class=\"elementor-element elementor-element-74f0205 elementor-widget elementor-widget-cs_title\" data-id=\"74f0205\" data-element_type=\"widget\" data-widget_type=\"cs_title.default\">\n\t\t\t\t<div class=\"elementor-widget-container\">\n\t\t\t\n        <div class=\"cs-title-wrap text-center\">\t            <div class=\"cs-subtitle-wrap\"><span class=\"cs-subtitle\">Najs\u0142ynniejszy deptak w Polsce<\/span><\/div>\t            <h4 class=\"cs-title\">\n\t                KRUP\u00d3WKI\t            <\/h4>\t            <div class=\"cs-title-text\">\n\t                <p>\u00a0<\/p><p>Kiedy my\u015blimy o Zakopanem, Krup\u00f3wki natychmiast pojawiaj\u0105 si\u0119 w naszych my\u015blach. To bez w\u0105tpienia jeden z najbardziej rozpoznawalnych deptak\u00f3w w Polsce, gdzie o ka\u017cdej porze dnia spotykamy t\u0142umy. Krup\u00f3wki pe\u0142ne s\u0105 sklepik\u00f3w z pami\u0105tkami, restauracji oraz regionalnych karczm, a spaceruj\u0105c, mo\u017cemy nawet zrobi\u0107 zdj\u0119cie z kultowym zakopia\u0144skim misiem.\u00a0<\/p><p>\u00a0<\/p><p>\u00a0<\/p>\t            <\/div>        <\/div>\t\t<\/div>\n\t\t\t\t<\/div>\n\t\t\t\t\t<\/div>\n\t\t<\/div>\n\t\t\t\t\t<\/div>\n\t\t<\/section>\n\t\t\t\t\t<\/div>\n\t\t<\/div>\n\t\t\t\t<div class=\"elementor-column elementor-col-50 elementor-top-column elementor-element elementor-element-b54be17\" data-id=\"b54be17\" data-element_type=\"column\" data-settings=\"{&quot;background_background&quot;:&quot;classic&quot;}\">\n\t\t\t<div class=\"elementor-widget-wrap elementor-element-populated\">\n\t\t\t\t\t\t<div class=\"elementor-element elementor-element-81e6b63 animated-fast cs-animation-small-offset elementor-invisible elementor-widget elementor-widget-image\" data-id=\"81e6b63\" data-element_type=\"widget\" data-settings=\"{&quot;_animation&quot;:&quot;fadeInRight&quot;,&quot;_animation_tablet&quot;:&quot;fadeInUp&quot;}\" data-widget_type=\"image.default\">\n\t\t\t\t<div class=\"elementor-widget-container\">\n\t\t\t<style>\/*! elementor - v3.23.0 - 05-08-2024 *\/\n.elementor-widget-image{text-align:center}.elementor-widget-image a{display:inline-block}.elementor-widget-image a img[src$=\".svg\"]{width:48px}.elementor-widget-image img{vertical-align:middle;display:inline-block}<\/style>\t\t\t\t\t\t\t\t\t\t<img fetchpriority=\"high\" decoding=\"async\" width=\"1024\" height=\"1024\" src=\"https:\/\/aparth900.pl\/wp-content\/uploads\/2024\/09\/5-2-1024x1024.png\" class=\"attachment-large size-large wp-image-2630\" alt=\"\" srcset=\"https:\/\/aparth900.pl\/wp-content\/uploads\/2024\/09\/5-2-1024x1024.png 1024w, https:\/\/aparth900.pl\/wp-content\/uploads\/2024\/09\/5-2-300x300.png 300w, https:\/\/aparth900.pl\/wp-content\/uploads\/2024\/09\/5-2-150x150.png 150w, https:\/\/aparth900.pl\/wp-content\/uploads\/2024\/09\/5-2-768x768.png 768w, https:\/\/aparth900.pl\/wp-content\/uploads\/2024\/09\/5-2-780x780.png 780w, https:\/\/aparth900.pl\/wp-content\/uploads\/2024\/09\/5-2-600x600.png 600w, https:\/\/aparth900.pl\/wp-content\/uploads\/2024\/09\/5-2-550x550.png 550w, https:\/\/aparth900.pl\/wp-content\/uploads\/2024\/09\/5-2-370x370.png 370w, https:\/\/aparth900.pl\/wp-content\/uploads\/2024\/09\/5-2-255x255.png 255w, https:\/\/aparth900.pl\/wp-content\/uploads\/2024\/09\/5-2.png 1200w\" sizes=\"(max-width: 1024px) 100vw, 1024px\" \/>\t\t\t\t\t\t\t\t\t\t\t\t\t<\/div>\n\t\t\t\t<\/div>\n\t\t\t\t\t<\/div>\n\t\t<\/div>\n\t\t\t\t\t<\/div>\n\t\t<\/section>\n\t\t\t\t<section class=\"elementor-section elementor-top-section elementor-element elementor-element-d96ba03 elementor-section-content-middle elementor-section-boxed elementor-section-height-default elementor-section-height-default\" data-id=\"d96ba03\" data-element_type=\"section\" data-settings=\"{&quot;background_background&quot;:&quot;classic&quot;}\">\n\t\t\t\t\t\t<div class=\"elementor-container elementor-column-gap-no\">\n\t\t\t\t\t<div class=\"elementor-column elementor-col-50 elementor-top-column elementor-element elementor-element-a134f4d\" data-id=\"a134f4d\" data-element_type=\"column\" data-settings=\"{&quot;background_background&quot;:&quot;classic&quot;}\">\n\t\t\t<div class=\"elementor-widget-wrap elementor-element-populated\">\n\t\t\t\t\t\t<div class=\"elementor-element elementor-element-ec00343 animated-fast cs-animation-small-offset elementor-invisible elementor-widget elementor-widget-image\" data-id=\"ec00343\" data-element_type=\"widget\" data-settings=\"{&quot;_animation&quot;:&quot;fadeInLeft&quot;,&quot;_animation_tablet&quot;:&quot;fadeInUp&quot;}\" data-widget_type=\"image.default\">\n\t\t\t\t<div class=\"elementor-widget-container\">\n\t\t\t\t\t\t\t\t\t\t\t\t\t<img decoding=\"async\" width=\"916\" height=\"1024\" src=\"https:\/\/aparth900.pl\/wp-content\/uploads\/2024\/09\/Projekt-bez-nazwy-74-916x1024.png\" class=\"attachment-large size-large wp-image-2900\" alt=\"\" srcset=\"https:\/\/aparth900.pl\/wp-content\/uploads\/2024\/09\/Projekt-bez-nazwy-74-916x1024.png 916w, https:\/\/aparth900.pl\/wp-content\/uploads\/2024\/09\/Projekt-bez-nazwy-74-268x300.png 268w, https:\/\/aparth900.pl\/wp-content\/uploads\/2024\/09\/Projekt-bez-nazwy-74-768x859.png 768w, https:\/\/aparth900.pl\/wp-content\/uploads\/2024\/09\/Projekt-bez-nazwy-74-1374x1536.png 1374w, https:\/\/aparth900.pl\/wp-content\/uploads\/2024\/09\/Projekt-bez-nazwy-74-1440x1610.png 1440w, https:\/\/aparth900.pl\/wp-content\/uploads\/2024\/09\/Projekt-bez-nazwy-74-1200x1342.png 1200w, https:\/\/aparth900.pl\/wp-content\/uploads\/2024\/09\/Projekt-bez-nazwy-74-780x872.png 780w, https:\/\/aparth900.pl\/wp-content\/uploads\/2024\/09\/Projekt-bez-nazwy-74-600x671.png 600w, https:\/\/aparth900.pl\/wp-content\/uploads\/2024\/09\/Projekt-bez-nazwy-74-550x615.png 550w, https:\/\/aparth900.pl\/wp-content\/uploads\/2024\/09\/Projekt-bez-nazwy-74-370x414.png 370w, https:\/\/aparth900.pl\/wp-content\/uploads\/2024\/09\/Projekt-bez-nazwy-74-255x285.png 255w, https:\/\/aparth900.pl\/wp-content\/uploads\/2024\/09\/Projekt-bez-nazwy-74-134x150.png 134w, https:\/\/aparth900.pl\/wp-content\/uploads\/2024\/09\/Projekt-bez-nazwy-74.png 1610w\" sizes=\"(max-width: 916px) 100vw, 916px\" \/>\t\t\t\t\t\t\t\t\t\t\t\t\t<\/div>\n\t\t\t\t<\/div>\n\t\t\t\t\t<\/div>\n\t\t<\/div>\n\t\t\t\t<div class=\"elementor-column elementor-col-50 elementor-top-column elementor-element elementor-element-38a0bc8 dark-color animated-fast cs-animation-small-offset elementor-invisible\" data-id=\"38a0bc8\" data-element_type=\"column\" data-settings=\"{&quot;background_background&quot;:&quot;classic&quot;,&quot;animation&quot;:&quot;fadeInRight&quot;,&quot;animation_tablet&quot;:&quot;fadeInUp&quot;}\">\n\t\t\t<div class=\"elementor-widget-wrap elementor-element-populated\">\n\t\t\t\t\t\t<section class=\"elementor-section elementor-inner-section elementor-element elementor-element-a746eac elementor-section-boxed elementor-section-height-default elementor-section-height-default\" data-id=\"a746eac\" data-element_type=\"section\" data-settings=\"{&quot;background_background&quot;:&quot;classic&quot;}\">\n\t\t\t\t\t\t<div class=\"elementor-container elementor-column-gap-no\">\n\t\t\t\t\t<div class=\"elementor-column elementor-col-100 elementor-inner-column elementor-element elementor-element-bc78699\" data-id=\"bc78699\" data-element_type=\"column\">\n\t\t\t<div class=\"elementor-widget-wrap elementor-element-populated\">\n\t\t\t\t\t\t<div class=\"elementor-element elementor-element-c3a978b elementor-widget elementor-widget-cs_title\" data-id=\"c3a978b\" data-element_type=\"widget\" data-widget_type=\"cs_title.default\">\n\t\t\t\t<div class=\"elementor-widget-container\">\n\t\t\t\n        <div class=\"cs-title-wrap text-center\">\t            <div class=\"cs-subtitle-wrap\"><span class=\"cs-subtitle\">Widokowe miejsce<\/span><\/div>\t            <h4 class=\"cs-title\">\n\t                GUBA\u0141\u00d3WKA\t            <\/h4>\t            <div class=\"cs-title-text\">\n\t                <p>Guba\u0142\u00f3wka to jedno z najcz\u0119\u015bciej odwiedzanych miejsc widokowych w okolicach Zakopanego. Dzi\u0119ki \u0142atwemu dost\u0119powi \u2013 na szczyt prowadzi wygodna droga, a tak\u017ce kursuje kolejka \u2013 jest to popularna atrakcja, cz\u0119sto odwiedzana przez t\u0142umy turyst\u00f3w. Z wierzcho\u0142ka rozci\u0105ga si\u0119 spektakularna panorama Tatr oraz urokliwy widok na ca\u0142e miasto. Warto cho\u0107 raz w \u017cyciu wspi\u0105\u0107 si\u0119 na to wzg\u00f3rze, by do\u015bwiadczy\u0107 jego magii.<\/p>\t            <\/div>        <\/div>\t\t<\/div>\n\t\t\t\t<\/div>\n\t\t\t\t\t<\/div>\n\t\t<\/div>\n\t\t\t\t\t<\/div>\n\t\t<\/section>\n\t\t\t\t<section class=\"elementor-section elementor-inner-section elementor-element elementor-element-a5e1deb elementor-section-boxed elementor-section-height-default elementor-section-height-default\" data-id=\"a5e1deb\" data-element_type=\"section\" data-settings=\"{&quot;background_background&quot;:&quot;classic&quot;}\">\n\t\t\t\t\t\t<div class=\"elementor-container elementor-column-gap-default\">\n\t\t\t\t\t<div class=\"elementor-column elementor-col-33 elementor-inner-column elementor-element elementor-element-16d874e\" data-id=\"16d874e\" data-element_type=\"column\">\n\t\t\t<div class=\"elementor-widget-wrap elementor-element-populated\">\n\t\t\t\t\t\t<div class=\"elementor-element elementor-element-c4c7cae elementor-widget elementor-widget-counter\" data-id=\"c4c7cae\" data-element_type=\"widget\" data-widget_type=\"counter.default\">\n\t\t\t\t<div class=\"elementor-widget-container\">\n\t\t\t<style>\/*! elementor - v3.23.0 - 05-08-2024 *\/\n.elementor-counter{display:flex;justify-content:center;align-items:stretch;flex-direction:column-reverse}.elementor-counter .elementor-counter-number{flex-grow:var(--counter-number-grow,0)}.elementor-counter .elementor-counter-number-wrapper{flex:1;display:flex;font-size:69px;font-weight:600;line-height:1;text-align:center}.elementor-counter .elementor-counter-number-prefix{text-align:end;flex-grow:var(--counter-prefix-grow,1);white-space:pre-wrap}.elementor-counter .elementor-counter-number-suffix{text-align:start;flex-grow:var(--counter-suffix-grow,1);white-space:pre-wrap}.elementor-counter .elementor-counter-title{flex:1;display:flex;justify-content:center;align-items:center;margin:0;padding:0;font-size:19px;font-weight:400;line-height:2.5}<\/style>\t\t<div class=\"elementor-counter\">\n\t\t\t<div class=\"elementor-counter-title\">n.p.m.<\/div>\t\t\t<div class=\"elementor-counter-number-wrapper\">\n\t\t\t\t<span class=\"elementor-counter-number-prefix\"><\/span>\n\t\t\t\t<span class=\"elementor-counter-number\" data-duration=\"2000\" data-to-value=\"1129\" data-from-value=\"0\">0<\/span>\n\t\t\t\t<span class=\"elementor-counter-number-suffix\">m<\/span>\n\t\t\t<\/div>\n\t\t<\/div>\n\t\t\t\t<\/div>\n\t\t\t\t<\/div>\n\t\t\t\t\t<\/div>\n\t\t<\/div>\n\t\t\t\t<div class=\"elementor-column elementor-col-33 elementor-inner-column elementor-element elementor-element-83e57aa\" data-id=\"83e57aa\" data-element_type=\"column\">\n\t\t\t<div class=\"elementor-widget-wrap elementor-element-populated\">\n\t\t\t\t\t\t<div class=\"elementor-element elementor-element-f828177 elementor-widget elementor-widget-counter\" data-id=\"f828177\" data-element_type=\"widget\" data-widget_type=\"counter.default\">\n\t\t\t\t<div class=\"elementor-widget-container\">\n\t\t\t\t\t<div class=\"elementor-counter\">\n\t\t\t<div class=\"elementor-counter-title\">D\u0141. KOLEJKI<\/div>\t\t\t<div class=\"elementor-counter-number-wrapper\">\n\t\t\t\t<span class=\"elementor-counter-number-prefix\"><\/span>\n\t\t\t\t<span class=\"elementor-counter-number\" data-duration=\"2000\" data-to-value=\"1338\" data-from-value=\"0\">0<\/span>\n\t\t\t\t<span class=\"elementor-counter-number-suffix\">m<\/span>\n\t\t\t<\/div>\n\t\t<\/div>\n\t\t\t\t<\/div>\n\t\t\t\t<\/div>\n\t\t\t\t\t<\/div>\n\t\t<\/div>\n\t\t\t\t<div class=\"elementor-column elementor-col-33 elementor-inner-column elementor-element elementor-element-2ee8baa\" data-id=\"2ee8baa\" data-element_type=\"column\">\n\t\t\t<div class=\"elementor-widget-wrap elementor-element-populated\">\n\t\t\t\t\t\t<div class=\"elementor-element elementor-element-c500902 elementor-widget elementor-widget-counter\" data-id=\"c500902\" data-element_type=\"widget\" data-widget_type=\"counter.default\">\n\t\t\t\t<div class=\"elementor-widget-container\">\n\t\t\t\t\t<div class=\"elementor-counter\">\n\t\t\t<div class=\"elementor-counter-title\">Czas wjazdu<\/div>\t\t\t<div class=\"elementor-counter-number-wrapper\">\n\t\t\t\t<span class=\"elementor-counter-number-prefix\"><\/span>\n\t\t\t\t<span class=\"elementor-counter-number\" data-duration=\"2000\" data-to-value=\"3.5\" data-from-value=\"0\">0<\/span>\n\t\t\t\t<span class=\"elementor-counter-number-suffix\"> min<\/span>\n\t\t\t<\/div>\n\t\t<\/div>\n\t\t\t\t<\/div>\n\t\t\t\t<\/div>\n\t\t\t\t\t<\/div>\n\t\t<\/div>\n\t\t\t\t\t<\/div>\n\t\t<\/section>\n\t\t\t\t\t<\/div>\n\t\t<\/div>\n\t\t\t\t\t<\/div>\n\t\t<\/section>\n\t\t\t\t<section class=\"elementor-section elementor-top-section elementor-element elementor-element-3b814bc elementor-section-full_width elementor-section-height-default elementor-section-height-default\" data-id=\"3b814bc\" data-element_type=\"section\">\n\t\t\t\t\t\t<div class=\"elementor-container elementor-column-gap-no\">\n\t\t\t\t\t<div class=\"elementor-column elementor-col-100 elementor-top-column elementor-element elementor-element-3a57029\" data-id=\"3a57029\" data-element_type=\"column\">\n\t\t\t<div class=\"elementor-widget-wrap elementor-element-populated\">\n\t\t\t\t\t\t<div class=\"elementor-element elementor-element-5d76436 elementor-widget elementor-widget-cs_instagram\" data-id=\"5d76436\" data-element_type=\"widget\" data-widget_type=\"cs_instagram.default\">\n\t\t\t\t<div class=\"elementor-widget-container\">\n\t\t\t\n        <div class=\"cs-instagram column-6\">\t                <ul>\t                        <li><div class=\"feed-bg\" style=\"background-image:url(https:\/\/aparth900.pl\/wp-content\/uploads\/2024\/09\/7-1-600x600.png);\"><\/div><\/li>\t                        <li><div class=\"feed-bg\" style=\"background-image:url(https:\/\/aparth900.pl\/wp-content\/uploads\/2024\/09\/6-2-600x600.png);\"><\/div><\/li>\t                        <li><div class=\"feed-bg\" style=\"background-image:url(https:\/\/aparth900.pl\/wp-content\/uploads\/2024\/09\/5-2-600x600.png);\"><\/div><\/li>\t                        <li><div class=\"feed-bg\" style=\"background-image:url(https:\/\/aparth900.pl\/wp-content\/uploads\/2024\/09\/4-2-600x600.png);\"><\/div><\/li>\t                        <li><div class=\"feed-bg\" style=\"background-image:url(https:\/\/aparth900.pl\/wp-content\/uploads\/2024\/09\/3-3-600x600.png);\"><\/div><\/li>\t                        <li><div class=\"feed-bg\" style=\"background-image:url(https:\/\/aparth900.pl\/wp-content\/uploads\/2024\/09\/2-3-600x600.png);\"><\/div><\/li>\t                <\/ul>        <\/div>\t\t<\/div>\n\t\t\t\t<\/div>\n\t\t\t\t\t<\/div>\n\t\t<\/div>\n\t\t\t\t\t<\/div>\n\t\t<\/section>\n\t\t\t\t<\/div>\n\t\t","protected":false},"excerpt":{"rendered":"<p>POZNAJ Zakopane Od pobytu ekscytuj\u0105cego po relaksuj\u0105cy. Dla mi\u0142o\u015bnik\u00f3w przyrody, sportu i kultury. APART h900 &#8211; Zakopane Zakopane, malowniczo po\u0142o\u017cone u st\u00f3p Tatr, jest stolic\u0105 polskich g\u00f3r i popularnym o\u015brodkiem turystycznym, przyci\u0105gaj\u0105cym mi\u0142o\u015bnik\u00f3w zar\u00f3wno zimowych sport\u00f3w, jak i g\u00f3rskich w\u0119dr\u00f3wek. Najs\u0142ynniejszy deptak w Polsce KRUP\u00d3WKI \u00a0 Kiedy my\u015blimy o Zakopanem, Krup\u00f3wki natychmiast pojawiaj\u0105 si\u0119 w &#8230;<\/p>\n","protected":false},"author":1,"featured_media":0,"parent":0,"menu_order":0,"comment_status":"closed","ping_status":"closed","template":"template-wide-content.php","meta":{"cozystay_single_page_hide_site_header":"","cozystay_single_page_site_header_source":"","cozystay_single_page_custom_site_header":"0","cozystay_single_page_custom_sticky_site_header":"0","cozystay_single_page_hide_page_title":"on","cozystay_single_page_header_section_size":"","cozystay_single_page_header_background_color":"","cozystay_single_page_header_background_position_x":"center","cozystay_single_page_header_background_position_y":"center","cozystay_single_page_header_background_size":"cover","cozystay_single_page_header_background_repeat":"off","cozystay_single_page_header_background_scroll":"on","cozystay_single_page_header_text_color":"","cozystay_single_page_header_show_breadcrumb":"","cozystay_single_page_site_footer_hide_main":"","cozystay_single_custom_site_footer_main_source":"","cozystay_single_custom_site_footer_main":"0","cozystay_single_page_site_footer_hide_above":"","cozystay_single_custom_site_footer_above_source":"","cozystay_single_custom_site_footer_above":"0","cozystay_single_page_site_footer_hide_instagram":"","cozystay_single_page_site_footer_hide_bottom":"","cozystay_single_custom_mobile_menu_source":"","cozystay_single_custom_mobile_menu":"0","cozystay_single_custom_mobile_menu_animation":"","cozystay_single_custom_mobile_menu_width":"","cozystay_single_custom_mobile_menu_custom_width":375,"footnotes":""},"class_list":["post-46","page","type-page","status-publish","hentry"],"_links":{"self":[{"href":"https:\/\/aparth900.pl\/index.php?rest_route=\/wp\/v2\/pages\/46","targetHints":{"allow":["GET"]}}],"collection":[{"href":"https:\/\/aparth900.pl\/index.php?rest_route=\/wp\/v2\/pages"}],"about":[{"href":"https:\/\/aparth900.pl\/index.php?rest_route=\/wp\/v2\/types\/page"}],"author":[{"embeddable":true,"href":"https:\/\/aparth900.pl\/index.php?rest_route=\/wp\/v2\/users\/1"}],"replies":[{"embeddable":true,"href":"https:\/\/aparth900.pl\/index.php?rest_route=%2Fwp%2Fv2%2Fcomments&post=46"}],"version-history":[{"count":40,"href":"https:\/\/aparth900.pl\/index.php?rest_route=\/wp\/v2\/pages\/46\/revisions"}],"predecessor-version":[{"id":2903,"href":"https:\/\/aparth900.pl\/index.php?rest_route=\/wp\/v2\/pages\/46\/revisions\/2903"}],"wp:attachment":[{"href":"https:\/\/aparth900.pl\/index.php?rest_route=%2Fwp%2Fv2%2Fmedia&parent=46"}],"curies":[{"name":"wp","href":"https:\/\/api.w.org\/{rel}","templated":true}]}}